{"id":531,"date":"2020-05-25T11:21:59","date_gmt":"2020-05-25T09:21:59","guid":{"rendered":"https:\/\/albuin.at\/route-naar-huis-albuin\/"},"modified":"2025-06-18T13:55:45","modified_gmt":"2025-06-18T11:55:45","slug":"route-naar-huis-albuin","status":"publish","type":"page","link":"https:\/\/albuin.at\/nl\/route-naar-huis-albuin\/","title":{"rendered":"Route naar Huis Albuin"},"content":{"rendered":"<div id='av_section_1'  class='avia-section av-22egv-cbc40616c61662a9d31ab5d210f6054e main_color avia-section-default avia-no-border-styling  avia-builder-el-0  avia-builder-el-no-sibling  avia-bg-style-scroll container_wrap fullsize'  ><div class='container av-section-cont-open' ><main  role=\"main\" itemprop=\"mainContentOfPage\"  class='template-page content  av-content-full alpha units'><div class='post-entry post-entry-type-page post-entry-531'><div class='entry-content-wrapper clearfix'>\n\n<style type=\"text\/css\" data-created_by=\"avia_inline_auto\" id=\"style-css-av-1h6i3-92c45d4f40a069769435c761d97bc865\">\n.flex_column.av-1h6i3-92c45d4f40a069769435c761d97bc865{\nborder-radius:0px 0px 0px 0px;\npadding:0px 0px 0px 0px;\n}\n<\/style>\n<div  class='flex_column av-1h6i3-92c45d4f40a069769435c761d97bc865 av_one_full  avia-builder-el-1  el_before_av_hr  avia-builder-el-first  first flex_column_div av-zero-column-padding  '     ><section  class='av_textblock_section av-katobf2t-cdf40fc5b87a609d21f87df388a13e42 '   itemscope=\"itemscope\" itemtype=\"https:\/\/schema.org\/CreativeWork\" ><div class='avia_textblock'  itemprop=\"text\" ><h4>Huis Albuin is &#8217;s zomers als &#8217;s winters gemakkelijk te bereiken!<\/h4>\n<\/div><\/section><br \/>\n\n<style type=\"text\/css\" data-created_by=\"avia_inline_auto\" id=\"style-css-av-zej7-e3c18c5be3706961337a1f3f9b4ab135\">\n#top .hr.hr-invisible.av-zej7-e3c18c5be3706961337a1f3f9b4ab135{\nheight:40px;\n}\n<\/style>\n<div  class='hr av-zej7-e3c18c5be3706961337a1f3f9b4ab135 hr-invisible  avia-builder-el-3  el_after_av_textblock  el_before_av_textblock '><span class='hr-inner '><span class=\"hr-inner-style\"><\/span><\/span><\/div><br \/>\n<section  class='av_textblock_section av-kacitsvl-b4b19698f823669f90274bd9b45ff104 '   itemscope=\"itemscope\" itemtype=\"https:\/\/schema.org\/CreativeWork\" ><div class='avia_textblock'  itemprop=\"text\" ><h5><strong>Met het openbaar vervoer:<\/strong><\/h5>\n<p>De beste verbindingen vanuit uw woonplaats vindt u in de routeplanner van uw land. In Oostenrijk zijn de dienstregelingen en tickets beschikbaar op de website van de\u00a0<strong><a href=\"http:\/\/www.oebb.at\/de\/\" target=\"_blank\" rel=\"noopener\">\u00d6BB<\/a><\/strong>. Er zijn veel internationale rechtstreekse verbindingen naar Bludenz. Het Montafon beschikt over een goed uitgebouwd busnetwerk. Dienstregelingen en tickets zijn te vinden op <a href=\"https:\/\/www.vmobil.at\/\" target=\"_blank\" rel=\"noopener\">vmobil.at<\/a>\u00a0 of in de <a href=\"http:\/\/https\/\/www.vmobil.at\/bus-bahn\/clevvver-mobil-fahrplan-app\" target=\"_blank\" rel=\"noopener\">cleVVVer mobil Fahrplan-App<\/a>. Vroeg in de ochtend en laat in de avond bieden verschillende taxibedrijven hun diensten aan. &#8217;s Avonds is er ook de beltaxi \u201c<a href=\"https:\/\/www.montafon.at\/en\/service\/montafon-A-Z\/Anruf-Sammeltaxi-go-ko_i_26213\" target=\"_blank\" rel=\"noopener\">go&amp;ko<\/a>\u201d beschikbaar.<\/p>\n<p>Vanuit Oostenrijk of Duitsland is het mogelijk om uw bagage rechtstreeks naar ons te laten brengen via de bagagetransportservice van de \u00d6BB.<\/p>\n<h5><strong>Met de Auto:\u00a0<\/strong><\/h5>\n<p>Autobaan A14 &#8211; afrit Bludenz\/Montafon &#8211; L 188 Montafoner Stra\u00dfe (Silvrettastra\u00dfe). Silvrettastra\u00dfe \u2013 na 20 km in Sankt Gallenkirch bij de kerk links, de Ziggamweg omhoog rijden, rechts aanhouden en na ongeveer 250 meter bent u er!<\/p>\n<h5><em>Let op: autobaan vignet:<\/em><\/h5>\n<p>Alle motorvoertuigen die over de Oostenrijkse snelwegen rijden, moeten in het bezit zijn van een geldig vignet. Dit vignet is niet alleen fysiek te koop (als sticker), maar ook digitaal. Verder informatie kunt u vinden op asfinag.at anwb.nl en de gratis Hotline: +43 800 40012400. Verkooppunten: Grens, Automobielclubs (\u00d6AMTC, ARB\u00d6, ANWB), Tolkantoren, Benzinestations, Wisselkantoren en tabakswinkels.<\/p>\n<h5><strong>Met het vliegtuig:<\/strong><\/h5>\n<p><a href=\"http:\/\/www.bodensee-airport.eu\/\" target=\"_blank\" rel=\"noopener\">Luchthaven Friedrichshafen<\/a>\u00a0(100 km &#8211; ca. 1 uur) <a href=\"http:\/\/www.peoples.ch\/de\" target=\"_blank\" rel=\"noopener\">Luchthaven Altenrhein<\/a>\u00a0(75 km &#8211; ca. 1 uur) <a href=\"https:\/\/www.innsbruck-airport.com\/de\" target=\"_blank\" rel=\"noopener\">Luchthaven Innsbruck\u00a0<\/a>(140 km &#8211; ca. 1,5 Stunden) <a href=\"https:\/\/www.allgaeu-airport.de\/\" target=\"_blank\" rel=\"noopener\">Luchthaven Memmingen<\/a>\u00a0(140 km &#8211; ca. 2 uur) <a href=\"https:\/\/www.flughafen-zuerich.ch\/\" target=\"_blank\" rel=\"noopener\">Luchthaven Z\u00fcrich-Kloten<\/a>\u00a0(170 km &#8211; ca. 2 uur) <a href=\"https:\/\/www.munich-airport.de\/\" target=\"_blank\" rel=\"noopener\">Luchthaven M\u00fcnchen<\/a>\u00a0(290 km &#8211; ca. 3 uur) vanaf daar per trein, auto of taxi verder richting Montafon. Luchthaventransfers vanaf iedere luchthaven in de omgeving.<\/p>\n<h4><\/h4>\n<h4>Voor verdere vragen staan wij graag tot uw beschikking!<\/h4>\n<\/div><\/section><\/p><\/div>\n<style type=\"text\/css\" data-created_by=\"avia_inline_auto\" id=\"style-css-av-zej7-1-72e689feebc52e0171148082aef599a1\">\n#top .hr.hr-invisible.av-zej7-1-72e689feebc52e0171148082aef599a1{\nheight:40px;\n}\n<\/style>\n<div  class='hr av-zej7-1-72e689feebc52e0171148082aef599a1 hr-invisible  avia-builder-el-5  el_after_av_one_full  el_before_av_sidebar '><span class='hr-inner '><span class=\"hr-inner-style\"><\/span><\/span><\/div>\n\n\n","protected":false},"excerpt":{"rendered":"","protected":false},"author":1,"featured_media":0,"parent":0,"menu_order":0,"comment_status":"closed","ping_status":"closed","template":"","meta":{"footnotes":""},"class_list":["post-531","page","type-page","status-publish","hentry"],"_links":{"self":[{"href":"https:\/\/albuin.at\/nl\/wp-json\/wp\/v2\/pages\/531","targetHints":{"allow":["GET"]}}],"collection":[{"href":"https:\/\/albuin.at\/nl\/wp-json\/wp\/v2\/pages"}],"about":[{"href":"https:\/\/albuin.at\/nl\/wp-json\/wp\/v2\/types\/page"}],"author":[{"embeddable":true,"href":"https:\/\/albuin.at\/nl\/wp-json\/wp\/v2\/users\/1"}],"replies":[{"embeddable":true,"href":"https:\/\/albuin.at\/nl\/wp-json\/wp\/v2\/comments?post=531"}],"version-history":[{"count":8,"href":"https:\/\/albuin.at\/nl\/wp-json\/wp\/v2\/pages\/531\/revisions"}],"predecessor-version":[{"id":2515,"href":"https:\/\/albuin.at\/nl\/wp-json\/wp\/v2\/pages\/531\/revisions\/2515"}],"wp:attachment":[{"href":"https:\/\/albuin.at\/nl\/wp-json\/wp\/v2\/media?parent=531"}],"curies":[{"name":"wp","href":"https:\/\/api.w.org\/{rel}","templated":true}]}}