{"id":1129,"date":"2020-06-14T15:03:21","date_gmt":"2020-06-14T13:03:21","guid":{"rendered":"https:\/\/albuin.at\/?page_id=1129"},"modified":"2021-01-28T08:03:41","modified_gmt":"2021-01-28T06:03:41","slug":"impressum","status":"publish","type":"page","link":"https:\/\/albuin.at\/de\/impressum\/","title":{"rendered":"Impressum"},"content":{"rendered":"<section  class='av_textblock_section av-kgyzhk9o-ae7f5fd3e38e6c0973de25a868bb3b1c '   itemscope=\"itemscope\" itemtype=\"https:\/\/schema.org\/CreativeWork\" ><div class='avia_textblock'  itemprop=\"text\" ><p>Impressum<\/p>\n<p>Eigent\u00fcmer &#038; Anschrift<\/p>\n<p><strong>Haus Albuin<\/strong><\/p>\n<p>Ziggamweg 213 D<br \/>\nA-6791 Sankt Gallenkirch<br \/>\nTel.:\u00a0+43 664 1929040<br \/>\nE-Mail:\u00a0info@albuin.at<\/p>\n<p><strong>Inhaberin<\/strong><br \/>\nFrau S.M.Q. Janson LL.M.<\/p>\n<p>UID-Nr.: ATU 7429142<br \/>\nGerichtsstand: Feldkirch<\/p>\n<p><strong>Rechtliche Hinweise \u2013 Disclaimer<\/strong><\/p>\n<p>Die auf dieser Webseite enthaltenen Informationen dienen ausschlie\u00dflich allgemeinen Informationszwecken. Die Informationen werden von Haus Albuin bereitgestellt. Wir bem\u00fchen uns, die Informationen auf dem neuesten Stand und korrekt zu halten. Trotz aller Sorgfalt kann keine Haftung oder Garantie f\u00fcr die Richtigkeit, Vollst\u00e4ndigkeit und Aktualit\u00e4t der Daten, Eignung oder Verf\u00fcgbarkeit in Bezug auf die Webseite oder die Informationen, Produkte, Dienstleistungen auf der Webseite, \u00fcbernommen werden.\u00a0 Jegliches Vertrauen, das Sie auf solche Informationen setzen, erfolgt daher ausschlie\u00dflich auf ihr eigenes Risiko. Wir behalten uns das Recht vor, Aktualisierungen, \u00c4nderungen oder Erg\u00e4nzungen an den bereitgestellten Informationen und Daten vorzunehmen.<\/p>\n<p>Es wird auch keine Gew\u00e4hr f\u00fcr die Verf\u00fcgbarkeit oder den Betrieb der gegenst\u00e4ndlichen Homepage und ihrer Inhalte \u00fcbernommen.<\/p>\n<p>Jede Haftung f\u00fcr unmittelbare, mittelbare oder sonstige Sch\u00e4den, unabh\u00e4ngig von deren Ursachen, die aus der Ben\u00fctzung oder Nichtverf\u00fcgbarkeit der Daten und Informationen dieser Homepage erwachsen, wird \u2013 soweit rechtlich zul\u00e4ssig \u2013 ausgeschlossen.<\/p>\n<p><strong>Haftung f\u00fcr Links<\/strong><\/p>\n<p>F\u00fcr alle mittels Querverweis (Links) verbundenen Webinhalte \u00fcbernimmt Haus Albuin keine Verantwortung, da es sich hierbei nicht um eigene Inhalte handelt. Verantwortlich f\u00fcr den Inhalt der verlinkten Seiten ist deren Betreiber. Haus Albuin hat hierzu keine allgemeine \u00dcberwachungs- und Pr\u00fcfungspflicht. Bei Bekanntwerden einer Rechtsverletzung wird der entsprechende Link jedoch umgehend entfernt.<\/p>\n<p><strong>Urheberrechte, Nutzungsbedingungen, Bildmaterial<\/strong><\/p>\n<p>Alle Texte, Bilder und weiter hier ver\u00f6ffentlichten Informationen unterliegen dem Urheberrecht der Haus Albuin- Saskia Janson, soweit nicht Urheberrechte Dritter bestehen. Die Informationen sind nur f\u00fcr die pers\u00f6nliche Verwendung bestimmt. In jedem Fall ist jede weitergehende Nutzung, die Vervielf\u00e4ltigung, Verbreitung oder \u00f6ffentliche Wiedergabe, insbesondere jede Form von gewerblicher Nutzung, die Bereitstellung von Inhalten und Bildmaterial dieser Webseite auf anderen Webseiten, sowie die Weitergabe an Dritte \u2212 auch in Teilen oder in \u00fcberarbeiteter Form, nur mit ausdr\u00fccklicher schriftlicher Genehmigung des Haus Albuins (Saskia Janson) gestattet.<\/p>\n<p><strong>Konzept, Design &#038; Development: <\/strong>Frau S.M.Q. Janson LL.M.<\/p>\n<p>Fotomaterial und Videomaterial der Webseite: Saskia Janson | Nina Fritz und Dagmar Wohlfahrt<\/p>\n<p>Copyright 2020 &#8211; Alle Rechte vorbehalten<\/p>\n<p><strong>Bedingungen Hotellerie<\/strong><\/p>\n<p>Es gelten die <a href=\"https:\/\/albuin.at\/wp-content\/uploads\/2020\/06\/Agbh-Deutsch.pdf\" target=\"_blank\" rel=\"noreferrer noopener\">Allgemeine Gesch\u00e4ftsbedingungen Hotellerie 2006<\/a><\/p>\n<p><strong>Irrt\u00fcmer, Programm- und Preis\u00e4nderungen vorbehalten.<\/strong><\/p>\n<\/div><\/section>\n","protected":false},"excerpt":{"rendered":"","protected":false},"author":1,"featured_media":0,"parent":0,"menu_order":0,"comment_status":"closed","ping_status":"closed","template":"","meta":{"footnotes":""},"class_list":["post-1129","page","type-page","status-publish","hentry"],"_links":{"self":[{"href":"https:\/\/albuin.at\/de\/wp-json\/wp\/v2\/pages\/1129","targetHints":{"allow":["GET"]}}],"collection":[{"href":"https:\/\/albuin.at\/de\/wp-json\/wp\/v2\/pages"}],"about":[{"href":"https:\/\/albuin.at\/de\/wp-json\/wp\/v2\/types\/page"}],"author":[{"embeddable":true,"href":"https:\/\/albuin.at\/de\/wp-json\/wp\/v2\/users\/1"}],"replies":[{"embeddable":true,"href":"https:\/\/albuin.at\/de\/wp-json\/wp\/v2\/comments?post=1129"}],"version-history":[{"count":0,"href":"https:\/\/albuin.at\/de\/wp-json\/wp\/v2\/pages\/1129\/revisions"}],"wp:attachment":[{"href":"https:\/\/albuin.at\/de\/wp-json\/wp\/v2\/media?parent=1129"}],"curies":[{"name":"wp","href":"https:\/\/api.w.org\/{rel}","templated":true}]}}